{"id":316,"date":"2016-05-24T23:50:59","date_gmt":"2016-05-24T22:50:59","guid":{"rendered":"http:\/\/csiurine.com\/de\/?page_id=316"},"modified":"2018-12-18T17:54:19","modified_gmt":"2018-12-18T16:54:19","slug":"how-it-works","status":"publish","type":"page","link":"http:\/\/csiurine.com\/de\/how-it-works\/","title":{"rendered":"How it works"},"content":{"rendered":"<h2>CSI URINE ist kein gew\u00f6hnliches Putzmittel.<\/h2>\n<h4>Sehen Sie im Video, was CSI URINE so besonders macht.<\/h4>\n\t<iframe loading=\"lazy\" width=\"700\" height=\"394\" src=\"https:\/\/www.youtube.com\/embed\/CFFotinQYEk?feature=oembed\" frameborder=\"0\" allow=\"accelerometer; autoplay; encrypted-media; gyroscope; picture-in-picture\" allowfullscreen><\/iframe>\n\t<h2><strong>CSI URINE<\/strong> setzt auf intelligente Wissenschaft statt auf scharfe Chemikalien, um Urinflecken vollst\u00e4ndig zu entfernen.<\/h2>\n<h3><\/h3>\n<h3>Wie unterscheidet sich <strong>CSI URINE<\/strong> von allen anderen Reinigungsmitteln?<\/h3>\n<p>Urinflecken sind keine gew\u00f6hnlichen Flecken und <strong>CSI URINE<\/strong> ist auch kein gew\u00f6hnlicher Reiniger. <strong>CSI URINE<\/strong> verbindet spezielle Enzyme und enzymproduzierende Mikroorganismen, die Flecken auf molekularer Ebene angreifen.<\/p>\n<h3>Was sind Enzyme und wie wirken sie?<\/h3>\n<p>Enzyme sind nat\u00fcrliche Substanzen, die bio-chemische Reaktionen bewirken. Sie sind vergleichbar mit einem Schl\u00fcssel, der sich nur in einem bestimmten Schloss drehen l\u00e4sst. Um im Bild zu bleiben: Tierausscheidungen sind das Schloss, in das der Schl\u00fcssel <strong>CSI URINE<\/strong> passt<\/p>\n<p>Die Enzyme in <strong>CSI URINE<\/strong> wirken nur gegen bestimmte Flecken wie Urin, F\u00e4kalien, Blut und Erbrochenes. All diese <em>Proteinflecken<\/em> werden von den Enzymen in <strong>CSI URINE<\/strong> zu harmlosem Staub zersetzt, der einfach mit Staubsauger oder B\u00fcrste entfernt werden kann. Die Enzyme in<strong> CSI URINE<\/strong> sind biologisch abbaubar, umweltfreundlich und unsch\u00e4dlich f\u00fcr Mensch und Tier, anders als viele herk\u00f6mmliche Reiniger, die \u00e4tzende Substanzen, wie Bleiche oder S\u00e4uren, enthalten. <\/p>\n<p>Unser K\u00f6rper verdaut mit Hilfe von Enzymen unser Essen; vergleichbar werden Urinflecken von <strong>CSI URINE<\/strong> vollst\u00e4ndig \u201averdaut\u2018.  <\/p>\n","protected":false},"excerpt":{"rendered":"<p>CSI URINE ist kein gew\u00f6hnliches Putzmittel. Sehen Sie im Video, was CSI URINE so besonders macht. CSI URINE setzt auf intelligente Wissenschaft statt auf scharfe Chemikalien, um Urinflecken vollst\u00e4ndig zu entfernen. Wie unterscheidet sich CSI URINE von allen anderen Reinigungsmitteln? Urinflecken sind keine gew\u00f6hnlichen Flecken und CSI URINE ist auch kein gew\u00f6hnlicher Reiniger. CSI URINE <a class=\"moretag\" href=\"http:\/\/csiurine.com\/de\/how-it-works\/\">Read More &#8230;<\/a><\/p>\n","protected":false},"author":1,"featured_media":0,"parent":0,"menu_order":0,"comment_status":"closed","ping_status":"closed","template":"full-width-page.php","meta":[],"_links":{"self":[{"href":"http:\/\/csiurine.com\/de\/wp-json\/wp\/v2\/pages\/316"}],"collection":[{"href":"http:\/\/csiurine.com\/de\/wp-json\/wp\/v2\/pages"}],"about":[{"href":"http:\/\/csiurine.com\/de\/wp-json\/wp\/v2\/types\/page"}],"author":[{"embeddable":true,"href":"http:\/\/csiurine.com\/de\/wp-json\/wp\/v2\/users\/1"}],"replies":[{"embeddable":true,"href":"http:\/\/csiurine.com\/de\/wp-json\/wp\/v2\/comments?post=316"}],"version-history":[{"count":21,"href":"http:\/\/csiurine.com\/de\/wp-json\/wp\/v2\/pages\/316\/revisions"}],"predecessor-version":[{"id":1028,"href":"http:\/\/csiurine.com\/de\/wp-json\/wp\/v2\/pages\/316\/revisions\/1028"}],"wp:attachment":[{"href":"http:\/\/csiurine.com\/de\/wp-json\/wp\/v2\/media?parent=316"}],"curies":[{"name":"wp","href":"https:\/\/api.w.org\/{rel}","templated":true}]}}