{"id":37,"date":"2016-04-18T10:26:26","date_gmt":"2016-04-18T17:26:26","guid":{"rendered":"http:\/\/csiurine.com\/de\/?page_id=37"},"modified":"2018-12-17T18:39:56","modified_gmt":"2018-12-17T17:39:56","slug":"how-to-use","status":"publish","type":"page","link":"http:\/\/csiurine.com\/de\/how-to-use\/","title":{"rendered":"How to Use"},"content":{"rendered":"<h2>Anwendung von CSI URINE<\/h2>\n<h4>CSI URINE ist kein gew\u00f6hnliches Putzmittel. Verwenden Sie CSI URINE nicht wie ein gew\u00f6hnliches Putzmittel.<\/h4>\n<h2>Kein Reiben n\u00f6tig<\/h2>\n<h2>Warum lassen sich Uringer\u00fcche von Haustieren so schwer beseitigen?<\/h2>\n<h3>Urinflecken sind keine gew\u00f6hnlichen Flecken.<\/h3>\n<p>Haustierurinflecken k\u00f6nnen mit herk\u00f6mmlichen Putzmitteln nicht effektiv beseitigt werden. <\/p>\n<p>Urin ist ein Stoffwechselprodukt der Nieren, das Giftstoffe aus dem K\u00f6rper transportiert. Urin besteht aus verschieden Elementen, darunter<\/p>\n<ul>\n<li>Harnstoff<\/li>\n<li>Harns\u00e4ure<\/li>\n<li>Kreatinin<\/li>\n<li>Pheromone<\/li>\n<li>Bakterien \u2013 ca. f\u00fcnf verschiedene St\u00e4mme.<\/li>\n<\/ul>\n<h3>Was verursacht den \u00fcblen Geruch?<\/h3>\n<p>Wenn Urin trocknet, wird Harnstoff durch Bakterien aufgeschlossen, was einen furchtbaren Ammoniak-Geruch erzeugt.<\/p>\n<p>Harnstoff, Kreatinin und Pheromone sind wasserl\u00f6slich und leicht zu reinigen. Normale Haushalts- und Teppichreiniger k\u00f6nnen das, so dass Flecken und Ger\u00fcche anscheinend verschwunden sind \u2013 aber der Fleck ist noch da.<\/p>\n<p>Harns\u00e4ure bleibt als Kristall zur\u00fcck, das nicht wasserl\u00f6slich ist, an Oberfl\u00e4chen klebt und sich mit Teppichfasern verbindet. Harns\u00e4urekristalle erzeugen, solange sie nicht beseitigt werden, einen bei\u00dfenden Uringeruch.<\/p>\n<p>Luftfeuchtigkeit kann alte, unsichtbare Harns\u00e4ureflecken wieder aktivieren \u2013 Harns\u00e4urekristalle verbleiben bis zu einem Jahrzehnt.<\/p>\n<h3>Warum urinieren Haustiere an Stellen, an denen sie schon zuvor uriniert haben?<\/h3>\n<p>Der Geruchssinn von Hunden und Katzen ist sehr stark \u2013 bis zu 500 Mal st\u00e4rker als der unsere \u2013 d.h. sie riechen selbst Harns\u00e4ure, die wir nicht mehr wahrnehmen und neigen dazu, entsprechend<\/p>\n<p>Das Problem verschwindet nicht von allein \u2013 Sie m\u00fcssen es angehen!<\/p>\n<h2>Wie wirkt <strong>CSI URINE?<\/strong><\/h2>\n<h3><\/h3>\n<h3><strong>CSI URINE ist kein gew\u00f6hnliches Putzmittel<\/strong><\/h3>\n<p>das versucht, Urin einfach wegzuwischen \u2013 denn Urin l\u00e4sst sich nicht einfach wegwischen..<\/p>\n<p><strong>CSI URINE<\/strong> \u201averdaut\u2018 Harns\u00e4urekristalle geradezu \u2013 mit einer <strong>einzigartigen Mischung aus Enzymen und Mikroorganismen<\/strong> zersetzt es Urin zu harmlosen Molek\u00fclen wie Wasser und Kohlendioxid, die sich einfach verfl\u00fcchtigen.<\/p>\n<p><strong>CSI URINE greift Urin auf molekularer Ebene<\/strong> an und hinterl\u00e4sst so Oberfl\u00e4chen, z.B. B\u00f6den, Teppiche, Polsterm\u00f6bel und Stoffe, <strong>\u201aforensisch\u2018 rein.<\/strong><\/p>\n<p><strong>Die CSI URINE-Formel<\/strong> wird von Reinigungsprofis in Bereichen wie Pflegeheimen, Tatortreinigung, Krankenh\u00e4usern, \u00f6ffentlichen Toilettenanlagen und Gastronomie verwendet.<\/p>\n<p><strong>CSI URINE<\/strong> setzt auf intelligente Wissenschaft statt auf scharfe Chemikalien, um Urin von Haustieren zu entfernen.<\/p>\n<p><strong>CSI URINE<\/strong> beseitigt Flecken und Ger\u00fcche mit Hilfe intelligenter Wissenschaft statt mit scharfen Chemikalien. Viele meinen, dass die kraftvolleren Reinigungsmittel auch die gef\u00e4hrlicheren Produkte sind \u2013 und in den meisten F\u00e4llen stimmt das auch (z.B. Bleiche, Kesselsteinreiniger, Abflussreiniger und antibakterielle Produkte).<\/p>\n<p><strong>CSI URINE<\/strong> wirkt anders. <strong>CSI URINE<\/strong> ist weder \u00e4tzend, wie z.B. s\u00e4urehaltige Putzmittel, noch bei\u00dfend wie Bleichmittel. <strong>CSI URINE<\/strong> l\u00f6st weder Ihren Holzboden auf, noch l\u00e4sst es die Farben Ihres Teppichs verblassen. Es brennt nicht auf Ihrer Haut und sch\u00e4digt nicht die Pfoten Ihrer Haustiere.<\/p>\n<p><strong>CSI URINE<\/strong> ist harmlos f\u00fcr Mensch und Tier und greift nur Flecken von Urin, F\u00e4kalien oder Erbrochenem an.<\/p>\n<h2>Wie wird <strong>CSI URINE<\/strong> angewendet?<\/h2>\n<p><strong>CSI URINE<\/strong> ist kein gew\u00f6hnliches Putzmittel und wird nicht wie ein gew\u00f6hnliches Putzmittel verwendet.<\/p>\n<p><strong>CSI URINE<\/strong> wirkt beinah Wunder, so lange Sie die unten aufgef\u00fchrten Hinweise befolgen:<\/p>\n<h4><\/h4>\n<h4>ALLGEMEINE ANLEITUNG:<\/h4>\n<ol>\n<li>Material an unauff\u00e4lliger Stelle auf Farbechtheit pr\u00fcfen.\n<\/li>\n<li>Urin, F\u00e4kalien oder Erbrochenes mit K\u00fcchenpapier aufwischen.\n<\/li>\n<li>Verschmutzte Bereiche \u00fcber den Rand der Flecken hinaus mit <strong>CSI URINE<\/strong> tr\u00e4nken.\n<\/li>\n<li>Nicht reiben. Nicht mit anderen Reinigungsmitteln verwenden.\n<\/li>\n<li>An der Luft trocknen lassen.\n<\/li>\n<li>Nach vollst\u00e4ndiger Trocknung R\u00fcckst\u00e4nde mit Staubsauger oder B\u00fcrste entfernen.<\/li>\n<\/ol>\n<h4>TEPPICH\/STOFFE:<\/h4>\n<ol>\n<li>Urinverschmutze Teppiche oder Stoffe nicht shampoonieren oder dampfreinigen bevor Ger\u00fcche oder Flecken mit <strong>CSI URINE<\/strong> entfernt wurden.\n<\/li>\n<li>Verschmutzte Bereiche \u00fcber den Rand der Flecken hinaus mit <strong>CSI URINE<\/strong> tr\u00e4nken. Urin dringt durch das Untergewebe bis zum Boden und verteilt sich 2-4 Mal mehr als oberfl\u00e4chlich sichtbar.\n<\/li>\n<li>An der Luft trocknen lassen. Je nach Temperatur und Luftfeuchtigkeit kann dies bis zu 48 Stunden dauern. Die Wirkung von <strong>CSI URINE<\/strong> setzt auf der feuchten, verschmutzen Stelle ein und h\u00e4lt bis zur Trocknung an.\n<\/li>\n<li>Nach vollst\u00e4ndiger Trocknung R\u00fcckst\u00e4nde absaugen.\n<\/li>\n<li>Nach Bedarf wiederholen, um alte Urinflecken u. -ger\u00fcche zu entfernen.<\/li>\n<\/ol>\n","protected":false},"excerpt":{"rendered":"<p>Anwendung von CSI URINE CSI URINE ist kein gew\u00f6hnliches Putzmittel. Verwenden Sie CSI URINE nicht wie ein gew\u00f6hnliches Putzmittel. Kein Reiben n\u00f6tig Warum lassen sich Uringer\u00fcche von Haustieren so schwer beseitigen? Urinflecken sind keine gew\u00f6hnlichen Flecken. Haustierurinflecken k\u00f6nnen mit herk\u00f6mmlichen Putzmitteln nicht effektiv beseitigt werden. Urin ist ein Stoffwechselprodukt der Nieren, das Giftstoffe aus dem <a class=\"moretag\" href=\"http:\/\/csiurine.com\/de\/how-to-use\/\">Read More &#8230;<\/a><\/p>\n","protected":false},"author":1,"featured_media":0,"parent":0,"menu_order":0,"comment_status":"closed","ping_status":"closed","template":"full-width-page.php","meta":[],"_links":{"self":[{"href":"http:\/\/csiurine.com\/de\/wp-json\/wp\/v2\/pages\/37"}],"collection":[{"href":"http:\/\/csiurine.com\/de\/wp-json\/wp\/v2\/pages"}],"about":[{"href":"http:\/\/csiurine.com\/de\/wp-json\/wp\/v2\/types\/page"}],"author":[{"embeddable":true,"href":"http:\/\/csiurine.com\/de\/wp-json\/wp\/v2\/users\/1"}],"replies":[{"embeddable":true,"href":"http:\/\/csiurine.com\/de\/wp-json\/wp\/v2\/comments?post=37"}],"version-history":[{"count":14,"href":"http:\/\/csiurine.com\/de\/wp-json\/wp\/v2\/pages\/37\/revisions"}],"predecessor-version":[{"id":1015,"href":"http:\/\/csiurine.com\/de\/wp-json\/wp\/v2\/pages\/37\/revisions\/1015"}],"wp:attachment":[{"href":"http:\/\/csiurine.com\/de\/wp-json\/wp\/v2\/media?parent=37"}],"curies":[{"name":"wp","href":"https:\/\/api.w.org\/{rel}","templated":true}]}}