{"id":39,"date":"2016-04-18T10:26:40","date_gmt":"2016-04-18T17:26:40","guid":{"rendered":"http:\/\/csiurine.com\/de\/?page_id=39"},"modified":"2022-12-23T16:35:47","modified_gmt":"2022-12-23T15:35:47","slug":"where-to-buy","status":"publish","type":"page","link":"http:\/\/csiurine.com\/de\/where-to-buy\/","title":{"rendered":"Where to Buy"},"content":{"rendered":"\n<h2>Wo kann man CSI URINE kaufen?<\/h2>\n\t<p>CSI URINE ist in den folgenden Gesch\u00e4ften erh\u00e4ltlich, bitte klicken Sie sich durch, um ein Gesch\u00e4ft in Ihrer N\u00e4he zu finden!<\/p>\n<p>&nbsp;<\/p>\n<h2>Belgium<\/h2>\n<p><a href=\"https:\/\/www.tomandco.com\/fr\/\">Tom &amp; Co.<\/a><\/p>\n<p>&nbsp;<\/p>\n<h2>France<\/h2>\n<p><a href=\"https:\/\/www.animalis.com\">Animalis<\/a><\/p>\n<p><a href=\"https:\/\/www.tomandco.com\/fr\/\">Tom &amp; Co.<\/a><\/p>\n<p>&nbsp;<\/p>\n<h2>Switzerland<\/h2>\n<p><a href=\"https:\/\/www.mueller.ch\">M\u00fcller<\/a><\/p>\n\n","protected":false},"excerpt":{"rendered":"<p>Wo kann man CSI URINE kaufen? CSI URINE ist in den folgenden Gesch\u00e4ften erh\u00e4ltlich, bitte klicken Sie sich durch, um ein Gesch\u00e4ft in Ihrer N\u00e4he zu finden! &nbsp; Belgium Tom &amp; Co. &nbsp; France Animalis Tom &amp; Co. &nbsp; Switzerland M\u00fcller<\/p>\n","protected":false},"author":1,"featured_media":0,"parent":0,"menu_order":0,"comment_status":"closed","ping_status":"closed","template":"full-width-page.php","meta":[],"_links":{"self":[{"href":"http:\/\/csiurine.com\/de\/wp-json\/wp\/v2\/pages\/39"}],"collection":[{"href":"http:\/\/csiurine.com\/de\/wp-json\/wp\/v2\/pages"}],"about":[{"href":"http:\/\/csiurine.com\/de\/wp-json\/wp\/v2\/types\/page"}],"author":[{"embeddable":true,"href":"http:\/\/csiurine.com\/de\/wp-json\/wp\/v2\/users\/1"}],"replies":[{"embeddable":true,"href":"http:\/\/csiurine.com\/de\/wp-json\/wp\/v2\/comments?post=39"}],"version-history":[{"count":13,"href":"http:\/\/csiurine.com\/de\/wp-json\/wp\/v2\/pages\/39\/revisions"}],"predecessor-version":[{"id":1080,"href":"http:\/\/csiurine.com\/de\/wp-json\/wp\/v2\/pages\/39\/revisions\/1080"}],"wp:attachment":[{"href":"http:\/\/csiurine.com\/de\/wp-json\/wp\/v2\/media?parent=39"}],"curies":[{"name":"wp","href":"https:\/\/api.w.org\/{rel}","templated":true}]}}