{"id":43,"date":"2016-04-18T10:29:32","date_gmt":"2016-04-18T17:29:32","guid":{"rendered":"http:\/\/csiurine.com\/de\/?page_id=43"},"modified":"2018-12-18T18:42:00","modified_gmt":"2018-12-18T17:42:00","slug":"products","status":"publish","type":"page","link":"http:\/\/csiurine.com\/de\/products\/","title":{"rendered":"Products"},"content":{"rendered":"<h2>Unsere Produkte<\/h2>\n<h4>CSI URINE bietet eine Reihe von Produkten zur Flecken- u.  Geruchsbek\u00e4mpfung auf molekularer Ebene an, f\u00fcr verschiedene Anwendungen und in verschiedenen Gr\u00f6\u00dfen; so wird auch Ihr Heim \u201aforensisch\u2018 rein.<\/h4>\n\t\t\t\t<img decoding=\"async\" loading=\"lazy\" src=\"http:\/\/csiurine.com\/de\/wp-content\/uploads\/2018\/12\/dog-range-de.png\" alt=\"Verf\u00fcgbar als 500ml und 150ml\" itemprop=\"image\" height=\"399\" width=\"359\" title=\"dog-range-de\"  \/>\n\t\tVerf\u00fcgbar als 500ml und 150ml\n\t<h2>Hunde\/Hundewelpen<br \/>\nAnti-Flecken- u. Geruchsmittel<\/h2>\n<p><strong>Das Spezialmittel CSI URINE<\/strong> greift mit bioaktiven Enzymen Urinflecken von Hunden oder Welpen auf molekularer Ebene an und beseitigt so Flecken und Ger\u00fcche vollst\u00e4ndig. Ohne geruchs\u00fcberdeckende Deodorants. Unsch\u00e4dlich.<\/p>\n\t\t\t\t<img decoding=\"async\" loading=\"lazy\" src=\"http:\/\/csiurine.com\/de\/wp-content\/uploads\/2018\/12\/cat-range-de.png\" alt=\"Verf\u00fcgbar als 500ml und 150ml\" itemprop=\"image\" height=\"399\" width=\"359\" title=\"cat-range-de\"  \/>\n\t\tVerf\u00fcgbar als 500ml und 150ml\n\t<h2>Katzen\/Katzenwelpen<br \/>\nAnti-Flecken- u. Geruchsmittel<\/h2>\n<p>Specially formulated with bio-active enzymes to attack urine at the molecular level, <strong>Das Spezialmittel CSI URINE <\/strong>greift mit bioaktiven Enzymen Urinflecken von Katzen oder Welpen auf molekularer Ebene an und beseitigt so Flecken und Ger\u00fcche vollst\u00e4ndig. Ohne geruchs\u00fcberdeckende Deodorants. Unsch\u00e4dlich.<\/p>\n\t\t\t\t<img decoding=\"async\" loading=\"lazy\" src=\"http:\/\/csiurine.com\/de\/wp-content\/uploads\/2018\/12\/small-animal-range-de.png\" alt=\"Verf\u00fcgbar als 500ml\" itemprop=\"image\" height=\"399\" width=\"359\" title=\"small-animal-range-de\"  \/>\n\t\tVerf\u00fcgbar als 500ml\n\t<h2>Kleintier-K\u00e4figreiniger<\/h2>\n<p>Specially formulated with bio-active enzymes and surfactants\u00a0<strong>Das Spezialmittel CSI URINE f\u00fcr Kleintierk\u00e4fige<\/strong> greift mit bioaktiven Enzymen und Tensiden hartn\u00e4ckige Verschmutzungen an und beseitigt so starken K\u00e4figgeruch von Nagetieren, Hasen und anderen kleinen S\u00e4ugetieren. Ohne geruchs\u00fcberdeckende Deodorants. Unsch\u00e4dlich.<\/p>\n\t\t\t\t<img decoding=\"async\" loading=\"lazy\" src=\"http:\/\/csiurine.com\/de\/wp-content\/uploads\/2018\/12\/multipet-range-de.png\" alt=\"Verf\u00fcgbar als 500ml und 5 liter\" itemprop=\"image\" height=\"399\" width=\"359\" title=\"multipet-range-de\"  \/>\n\t\tVerf\u00fcgbar als 500ml und 5 liter\n\t<h2>Haustiere<br \/>\nAnti-Flecken- u. Geruchsmittel<br \/>\n<\/h2>\n<p><strong>Das Spezialmittel CSI URINE<\/strong> greift mit bioaktiven Enzymen Urinflecken von verschiedenen Haustieren auf molekularer Ebene an und beseitigt so  Flecken und Ger\u00fcche vollst\u00e4ndig. Ohne geruchs\u00fcberdeckende Deodorants. Unsch\u00e4dlich.<\/p>\n\t\t\t\t<img decoding=\"async\" loading=\"lazy\" src=\"http:\/\/csiurine.com\/de\/wp-content\/uploads\/2018\/12\/Penetrator-mockup-de.png\" alt=\"Verf\u00fcgbar als 1 liter\" itemprop=\"image\" height=\"400\" width=\"359\" title=\"Penetrator mockup de\"  \/>\n\t\tVerf\u00fcgbar als 1 liter\n\t<h2>Gr\u00fcndlich wie ein Ermittler<br \/>\nTeppich-Tiefenreiniger<br \/>\n<\/h2>\n<p><strong>Das Spezialmittel CSI URINE Teppich-Tiefenreiniger<\/strong> mit bioaktiven Enzymen und enzymerzeugenden Mikroorganismen wird mit einem besonderen Aufsatz tief in den Teppich, bis hin zu Teppichunterlage und Boden, eingebracht. So werden Flecken und Ger\u00fcche bis zu einer Woche lang angegriffen und vollst\u00e4ndig beseitigt. Ohne geruchs\u00fcberdeckende Deodorants. Unsch\u00e4dlich f\u00fcr Mensch und Tier. <\/p>\n\t\t\t\t<img decoding=\"async\" loading=\"lazy\" src=\"http:\/\/csiurine.com\/de\/wp-content\/uploads\/2018\/12\/litter-range-de.png\" alt=\"Verf\u00fcgbar als 500ml\" itemprop=\"image\" height=\"399\" width=\"359\" title=\"litter-range-de\"  \/>\n\t\tVerf\u00fcgbar als 500ml\n\t<h2>Geruchsstop-Sortiment<\/h2>\n<p><strong>CSI URINE Katzentoiletten-Reiniger\u00a0<\/strong>reinigt die Katzentoilette und beseitigt deren typischen Geruch. Zwischen den Reinigungen aufspr\u00fchen \u2013 so kann das Streu l\u00e4nger verwendet werden.<\/p>\n<p><strong>CSI URINE Uringeruchsblocker bio-enzymatisches Granulat<\/strong>\u00a0Kapselt den Geruch erst ein und neutralisiert ihn dann vollst\u00e4ndig. Katzenstreu kann doppelt so lang verwendet werden.<\/p>\n<p>F\u00fcr alle Einstreumaterialien geeignet; 100% biologisch abbaubar.<\/p>\n\t<h2>Die Wahl der Profis<\/h2>\n<h4>Die CSI URINE-Formel wird im professionellen Reinigungsgewerbe seit mehr als 20 Jahren eingesetzt.\u00a0Die Wahl der Profis zur Beseitigung von Urinflecken und -geruch in\/an<\/h4>\n<ul>\n<li>Tierarztpraxen;<\/li>\n<li>Krankenh\u00e4usern;<\/li>\n<li>Pflegeheimen;<\/li>\n<li>\u00d6ffentlichen Toilettenanlagen;<\/li>\n<li>Arrestzellen;<\/li>\n<li>Tatorten; und<\/li>\n<li>Gastronomie.<\/li>\n<\/ul>\n","protected":false},"excerpt":{"rendered":"<p>Unsere Produkte CSI URINE bietet eine Reihe von Produkten zur Flecken- u. Geruchsbek\u00e4mpfung auf molekularer Ebene an, f\u00fcr verschiedene Anwendungen und in verschiedenen Gr\u00f6\u00dfen; so wird auch Ihr Heim \u201aforensisch\u2018 rein. Verf\u00fcgbar als 500ml und 150ml Hunde\/Hundewelpen Anti-Flecken- u. Geruchsmittel Das Spezialmittel CSI URINE greift mit bioaktiven Enzymen Urinflecken von Hunden oder Welpen auf molekularer <a class=\"moretag\" href=\"http:\/\/csiurine.com\/de\/products\/\">Read More &#8230;<\/a><\/p>\n","protected":false},"author":1,"featured_media":0,"parent":0,"menu_order":0,"comment_status":"closed","ping_status":"closed","template":"full-width-page.php","meta":[],"_links":{"self":[{"href":"http:\/\/csiurine.com\/de\/wp-json\/wp\/v2\/pages\/43"}],"collection":[{"href":"http:\/\/csiurine.com\/de\/wp-json\/wp\/v2\/pages"}],"about":[{"href":"http:\/\/csiurine.com\/de\/wp-json\/wp\/v2\/types\/page"}],"author":[{"embeddable":true,"href":"http:\/\/csiurine.com\/de\/wp-json\/wp\/v2\/users\/1"}],"replies":[{"embeddable":true,"href":"http:\/\/csiurine.com\/de\/wp-json\/wp\/v2\/comments?post=43"}],"version-history":[{"count":41,"href":"http:\/\/csiurine.com\/de\/wp-json\/wp\/v2\/pages\/43\/revisions"}],"predecessor-version":[{"id":1038,"href":"http:\/\/csiurine.com\/de\/wp-json\/wp\/v2\/pages\/43\/revisions\/1038"}],"wp:attachment":[{"href":"http:\/\/csiurine.com\/de\/wp-json\/wp\/v2\/media?parent=43"}],"curies":[{"name":"wp","href":"https:\/\/api.w.org\/{rel}","templated":true}]}}