{"id":434,"date":"2016-05-31T16:46:31","date_gmt":"2016-05-31T15:46:31","guid":{"rendered":"http:\/\/csiurine.com\/de\/?page_id=434"},"modified":"2022-11-21T15:28:25","modified_gmt":"2022-11-21T14:28:25","slug":"434-2","status":"publish","type":"page","link":"https:\/\/csiurine.com\/de\/","title":{"rendered":"Home"},"content":{"rendered":"\n<span class=\"\" style=\"display:block;clear:both;height: 0px;padding-top: 100px;border-top-width:0px;border-bottom-width:0px;\"><\/span>\n\t<span class=\"\" style=\"display:block;clear:both;height: 0px;padding-top: 200px;border-top-width:0px;border-bottom-width:0px;\"><\/span>\n<h2>BIO-ENZYM-TECHNOLOGIE<\/h2>\n\t<span class=\"\" style=\"display:block;clear:both;height: 0px;padding-top: 55px;border-top-width:0px;border-bottom-width:0px;\"><\/span>\n<h2>BEK\u00c4MPFT FLECKEN UND GER\u00dcCHE AUF MOLEKULARER EBENE<\/h2>\n\t<h2><img decoding=\"async\" loading=\"lazy\" src=\"wp-content\/uploads\/2016\/05\/Bottle-thumbs.png\" alt=\"\" width=\"133\" height=\"209\"><\/h2>\n<h2>Unsere Produkte<\/h2>\n<p>Effektiv und sicher f\u00fcr Mensch und Tier. Kein Reiben, keine Flecken, keine Sorgen!<\/p>\n<p><strong><a href=\"..\/de\/products\">Produkte<\/a><\/strong><\/p>\n\t<h2><img decoding=\"async\" loading=\"lazy\" src=\"wp-content\/uploads\/2016\/04\/mag-bw-1.png\" alt=\"mag-bw\" width=\"120\" height=\"209\"><\/h2>\n<h2>Anwendung<\/h2>\nUrin ist kein gew\u00f6hnlicher Fleck<br>\nCSI URINE ist kein gew\u00f6hnliches Putzmittel\n<p><strong><a href=\"..\/de\/how-to-use\">Anwendung<\/a><\/strong><\/p>\n\t<h2><img decoding=\"async\" loading=\"lazy\" src=\"wp-content\/uploads\/2016\/04\/molecule.png\" alt=\"molecule\" width=\"203\" height=\"211\"><\/h2>\n<h2>Wirkung<\/h2>\n<p>CSI URINE bek\u00e4mpft Flecken und Ger\u00fcche auf molekularer Ebene. Sehen Sie, wie es wirkt.<\/p>\n<p><strong><a href=\"..\/de\/how-it-works\">Wirkung<\/a><\/strong><\/p>\n\t<h1>H\u00e4ndler<\/h1>\n<p>Kontaktieren Sie uns, wenn Sie H\u00e4ndler werden wollen.<\/p>\n\t<span class=\"\" style=\"display:block;clear:both;height: 0px;padding-top: 30px;border-top-width:0px;border-bottom-width:0px;\"><\/span>\n<p><strong><a href=\"..\/de\/where-to-buy\">H\u00e4ndler<\/a> <a href=\"..\/de\/contact\">Kontakt<\/a><\/strong><\/p>\n<span class=\"\" style=\"display:block;clear:both;height: 0px;padding-top: 30px;border-top-width:0px;border-bottom-width:0px;\"><\/span>\n","protected":false},"excerpt":{"rendered":"<p>BIO-ENZYM-TECHNOLOGIE BEK\u00c4MPFT FLECKEN UND GER\u00dcCHE AUF MOLEKULARER EBENE Unsere Produkte Effektiv und sicher f\u00fcr Mensch und Tier. Kein Reiben, keine Flecken, keine Sorgen! Produkte Anwendung Urin ist kein gew\u00f6hnlicher Fleck CSI URINE ist kein gew\u00f6hnliches Putzmittel Anwendung Wirkung CSI URINE bek\u00e4mpft Flecken und Ger\u00fcche auf molekularer Ebene. Sehen Sie, wie es wirkt. Wirkung H\u00e4ndler Kontaktieren <a class=\"moretag\" href=\"https:\/\/csiurine.com\/de\/\">Read More &#8230;<\/a><\/p>\n","protected":false},"author":1,"featured_media":0,"parent":0,"menu_order":0,"comment_status":"closed","ping_status":"closed","template":"full-width-page.php","meta":[],"_links":{"self":[{"href":"https:\/\/csiurine.com\/de\/wp-json\/wp\/v2\/pages\/434"}],"collection":[{"href":"https:\/\/csiurine.com\/de\/wp-json\/wp\/v2\/pages"}],"about":[{"href":"https:\/\/csiurine.com\/de\/wp-json\/wp\/v2\/types\/page"}],"author":[{"embeddable":true,"href":"https:\/\/csiurine.com\/de\/wp-json\/wp\/v2\/users\/1"}],"replies":[{"embeddable":true,"href":"https:\/\/csiurine.com\/de\/wp-json\/wp\/v2\/comments?post=434"}],"version-history":[{"count":25,"href":"https:\/\/csiurine.com\/de\/wp-json\/wp\/v2\/pages\/434\/revisions"}],"predecessor-version":[{"id":1059,"href":"https:\/\/csiurine.com\/de\/wp-json\/wp\/v2\/pages\/434\/revisions\/1059"}],"wp:attachment":[{"href":"https:\/\/csiurine.com\/de\/wp-json\/wp\/v2\/media?parent=434"}],"curies":[{"name":"wp","href":"https:\/\/api.w.org\/{rel}","templated":true}]}}