{"id":1018,"date":"2022-12-12T15:09:46","date_gmt":"2022-12-12T15:09:46","guid":{"rendered":"http:\/\/csiurine.com\/fr\/?page_id=1018"},"modified":"2024-11-22T14:21:39","modified_gmt":"2024-11-22T14:21:39","slug":"fiche-de-donnees-de-securite","status":"publish","type":"page","link":"https:\/\/csiurine.com\/fr\/fiche-de-donnees-de-securite\/","title":{"rendered":"Fiche de Donn\u00e9es de S\u00e9curit\u00e9"},"content":{"rendered":"\n<h2>FICHE DE DONN\u00c9ES DE S\u00c9CURIT\u00c9<\/h2>\n<h4>Cliquez pour t\u00e9l\u00e9charger<\/h4>\n<h2>Cliquez pour t\u00e9l\u00e9charger au format PDF<\/h2>\n<h4>S&#8217;ouvre dans une nouvelle fen\u00eatre<\/h4>\n<a href=\"http:\/\/csiurine.com\/fr\/wp-content\/uploads\/2022\/12\/CSI-URINE-NETTOYANT-BAC-A-LITIERE.pdf\" target=\"_blank\" rel=\"noopener\">\n\t    CSI URINE NETTOYANT BAC \u00c0 LITI\u00c8RE\t<\/a><a href=\"http:\/\/csiurine.com\/fr\/wp-content\/uploads\/2022\/12\/CSI-URINE-NETTOYANT-CAGE.pdf\" target=\"_blank\" rel=\"noopener\">\n\t    CSI URINE NETTOYANT CAGE\t<\/a><a href=\"http:\/\/csiurine.com\/fr\/wp-content\/uploads\/2022\/12\/CSI-URINE-BLOQUEUR-DODEURS-GRANULES.pdf\" target=\"_blank\" rel=\"noopener\">\n\t    CSI URINE BLOQUER D&#8217;ODEURS GRANUL\u00c9S\t<\/a><a href=\"http:\/\/csiurine.com\/fr\/wp-content\/uploads\/2022\/12\/CSI-URINE-LESSIVAGE-DE-TAPIS.pdf\" target=\"_blank\" rel=\"noopener\">\n\t    CSI URINE LESSIVAGE DE TAPIS\t<\/a><a href=\"http:\/\/csiurine.com\/fr\/wp-content\/uploads\/2024\/11\/CSI-Urine-Stain-Odour-Remover-FR-MSDS.pdf\" target=\"_blank\" rel=\"noopener\">\n\t    CSI URINE ENLEVE TACHES ET ODEURS\t<\/a><a href=\"http:\/\/csiurine.com\/fr\/wp-content\/uploads\/2024\/10\/CSI-URINE-NETTOYANT-SOLS-SURFACES-FR-SDS.pdf\" target=\"_blank\" rel=\"noopener\">\n\t    CSI URINE NETTOYANT SOLS &#038; SURFACES\t<\/a><a href=\"http:\/\/csiurine.com\/fr\/wp-content\/uploads\/2024\/10\/CSI-URINE-Nettoyant-desodorisant-textiles-FR-SDS.pdf\" target=\"_blank\" rel=\"noopener\">\n\t    CSI URINE NETTOYANT D\u00c9SODORISANT TEXTILES\t<\/a>\n","protected":false},"excerpt":{"rendered":"<p>FICHE DE DONN\u00c9ES DE S\u00c9CURIT\u00c9 Cliquez pour t\u00e9l\u00e9charger Cliquez pour t\u00e9l\u00e9charger au format PDF S&#8217;ouvre dans une nouvelle fen\u00eatre CSI URINE NETTOYANT BAC \u00c0 LITI\u00c8RE CSI URINE NETTOYANT CAGE CSI URINE BLOQUER D&#8217;ODEURS GRANUL\u00c9S CSI URINE LESSIVAGE DE TAPIS CSI URINE ENLEVE TACHES ET ODEURS CSI URINE NETTOYANT SOLS &#038; SURFACES CSI URINE NETTOYANT D\u00c9SODORISANT <a class=\"moretag\" href=\"https:\/\/csiurine.com\/fr\/fiche-de-donnees-de-securite\/\">Read More &#8230;<\/a><\/p>\n","protected":false},"author":2,"featured_media":0,"parent":0,"menu_order":0,"comment_status":"closed","ping_status":"closed","template":"full-width-page.php","meta":[],"_links":{"self":[{"href":"https:\/\/csiurine.com\/fr\/wp-json\/wp\/v2\/pages\/1018"}],"collection":[{"href":"https:\/\/csiurine.com\/fr\/wp-json\/wp\/v2\/pages"}],"about":[{"href":"https:\/\/csiurine.com\/fr\/wp-json\/wp\/v2\/types\/page"}],"author":[{"embeddable":true,"href":"https:\/\/csiurine.com\/fr\/wp-json\/wp\/v2\/users\/2"}],"replies":[{"embeddable":true,"href":"https:\/\/csiurine.com\/fr\/wp-json\/wp\/v2\/comments?post=1018"}],"version-history":[{"count":11,"href":"https:\/\/csiurine.com\/fr\/wp-json\/wp\/v2\/pages\/1018\/revisions"}],"predecessor-version":[{"id":1058,"href":"https:\/\/csiurine.com\/fr\/wp-json\/wp\/v2\/pages\/1018\/revisions\/1058"}],"wp:attachment":[{"href":"https:\/\/csiurine.com\/fr\/wp-json\/wp\/v2\/media?parent=1018"}],"curies":[{"name":"wp","href":"https:\/\/api.w.org\/{rel}","templated":true}]}}