{"id":316,"date":"2016-05-24T23:50:59","date_gmt":"2016-05-24T22:50:59","guid":{"rendered":"http:\/\/csiurine.com\/fr\/?page_id=316"},"modified":"2018-05-10T17:22:25","modified_gmt":"2018-05-10T16:22:25","slug":"how-it-works","status":"publish","type":"page","link":"https:\/\/csiurine.com\/fr\/how-it-works\/","title":{"rendered":"How it works"},"content":{"rendered":"<h2>CSI URINE n\u2019est pas un nettoyant ordinaire.<\/h2>\n<h4>D\u00e9couvrez la particularit\u00e9 de CSI URINE dans la vid\u00e9o.<\/h4>\n<p>\t<iframe loading=\"lazy\" width=\"700\" height=\"394\" src=\"https:\/\/www.youtube.com\/embed\/NWrUXT5OvME?feature=oembed\" frameborder=\"0\" allow=\"autoplay; encrypted-media\" allowfullscreen><\/iframe><\/p>\n<h2><strong>CSI URINE<\/strong> mise sur une science intelligente au lieu d\u2019int\u00e9grer des produits chimiques agressifs pour \u00e9liminer compl\u00e8tement les taches d\u2019urine.<\/h2>\n<h3><\/h3>\n<h3>En quoi <strong>CSI URINE<\/strong> diff\u00e8re-t-il de tous les autres nettoyants ?<\/h3>\n<p>Les taches d\u2019urine ne sont pas des taches ordinaires et <strong>CSI URINE<\/strong> n\u2019est pas non plus un nettoyant ordinaire. <strong>CSI URINE<\/strong> lie des enzymes sp\u00e9ciales et des microorganismes produisant des enzymes qui attaquent les taches au niveau mol\u00e9culaire.<\/p>\n<h3>Que sont les enzymes et comment agissent-elles?<\/h3>\n<p>Les enzymes sont des substances naturelles qui engendrent des r\u00e9actions biochimiques. Elles sont comparables \u00e0 une cl\u00e9 qui peut seulement \u00eatre tourn\u00e9e dans une serrure sp\u00e9cifique. En l\u2019occurrence, les excr\u00e9ments des animaux sont la serrure adapt\u00e9e \u00e0 la cl\u00e9 <strong>CSI URINE<\/strong>.<\/p>\n<p>Les enzymes dans <strong>CSI URINE<\/strong> agissent seulement contre certaines taches comme l\u2019urine, les excr\u00e9ments, le sang et les vomissures.<\/p>\n<p>Toutes ces taches de prot\u00e9ines sont d\u00e9compos\u00e9es en une poussi\u00e8re inoffensive par les enzymes contenues dans <strong>CSI URINE<\/strong>. Un coup d\u2019aspirateur ou de balayette suffit pour les \u00e9liminer.<\/p>\n<p>Les enzymes de <strong>CSI URINE<\/strong> sont biod\u00e9gradables, \u00e9cologiques et inoffensives pour l\u2019homme et l\u2019animal, contrairement \u00e0 bon nombre de nettoyants courants qui contiennent des substances corrosives comme les agents de blanchiment ou des acides.<\/p>\n<p>Les enzymes permettent \u00e0 notre corps de dig\u00e9rer nos aliments; les enzymes de <strong>CSI URINE<\/strong> agissent de fa\u00e7on similaire, elles \u00ab dig\u00e8rent \u00bb enti\u00e8rement les taches d\u2019urine.<\/p>\n","protected":false},"excerpt":{"rendered":"<p>CSI URINE n\u2019est pas un nettoyant ordinaire. D\u00e9couvrez la particularit\u00e9 de CSI URINE dans la vid\u00e9o. CSI URINE mise sur une science intelligente au lieu d\u2019int\u00e9grer des produits chimiques agressifs pour \u00e9liminer compl\u00e8tement les taches d\u2019urine. En quoi CSI URINE diff\u00e8re-t-il de tous les autres nettoyants ? Les taches d\u2019urine ne sont pas des taches <a class=\"moretag\" href=\"https:\/\/csiurine.com\/fr\/how-it-works\/\">Read More &#8230;<\/a><\/p>\n","protected":false},"author":1,"featured_media":0,"parent":0,"menu_order":0,"comment_status":"closed","ping_status":"closed","template":"full-width-page.php","meta":[],"_links":{"self":[{"href":"https:\/\/csiurine.com\/fr\/wp-json\/wp\/v2\/pages\/316"}],"collection":[{"href":"https:\/\/csiurine.com\/fr\/wp-json\/wp\/v2\/pages"}],"about":[{"href":"https:\/\/csiurine.com\/fr\/wp-json\/wp\/v2\/types\/page"}],"author":[{"embeddable":true,"href":"https:\/\/csiurine.com\/fr\/wp-json\/wp\/v2\/users\/1"}],"replies":[{"embeddable":true,"href":"https:\/\/csiurine.com\/fr\/wp-json\/wp\/v2\/comments?post=316"}],"version-history":[{"count":20,"href":"https:\/\/csiurine.com\/fr\/wp-json\/wp\/v2\/pages\/316\/revisions"}],"predecessor-version":[{"id":979,"href":"https:\/\/csiurine.com\/fr\/wp-json\/wp\/v2\/pages\/316\/revisions\/979"}],"wp:attachment":[{"href":"https:\/\/csiurine.com\/fr\/wp-json\/wp\/v2\/media?parent=316"}],"curies":[{"name":"wp","href":"https:\/\/api.w.org\/{rel}","templated":true}]}}