{"id":37,"date":"2016-04-18T10:26:26","date_gmt":"2016-04-18T17:26:26","guid":{"rendered":"http:\/\/csiurine.com\/fr\/?page_id=37"},"modified":"2018-05-10T17:13:53","modified_gmt":"2018-05-10T16:13:53","slug":"how-to-use","status":"publish","type":"page","link":"https:\/\/csiurine.com\/fr\/how-to-use\/","title":{"rendered":"How to Use"},"content":{"rendered":"<h2>Utilisation de CSI URINE<\/h2>\n<h4>CSI URINE n\u2019est pas un nettoyant ordinaire. N\u2019utilisez pas CSI URINE comme un nettoyant ordinaire.<\/h4>\n<h2>Il n\u2019est pas N\u00e9cessaire de Frotter<\/h2>\n<h2><b>Pourquoi l\u2019odeur d\u2019urine<br \/>\ndes animaux domestiques<br \/>\nest-elle si difficile \u00e0 \u00e9liminer?<\/b><\/h2>\n<h3>Les taches d\u2019urine ne sont pas des taches.<\/h3>\n<p>Les taches d\u2019urine des animaux domestiques ne sont pas des taches ordinaires et ne peuvent pas \u00eatre \u00e9limin\u00e9es de fa\u00e7on efficace avec des nettoyants ordinaires.<\/p>\n<p>L\u2019urine est un produit m\u00e9tabolique des reins qui \u00e9vacuent les toxines du corps. L\u2019urine est constitu\u00e9e de diff\u00e9rents \u00e9l\u00e9ments, dont<\/p>\n<ul>\n<li>L\u2019ur\u00e9e<\/li>\n<li>Les cristaux d\u2019acide urique<\/li>\n<li>La cr\u00e9atinine<\/li>\n<li>Les ph\u00e9romones<\/li>\n<li>Les bact\u00e9ries \u2013 env. cinq souches diff\u00e9rentes.<\/li>\n<\/ul>\n<h3>Qu\u2019est-ce qui cause l\u2019odeur naus\u00e9abonde?<\/h3>\n<p>Lorsque l\u2019urine s\u00e8che, l\u2019ur\u00e9e est d\u00e9grad\u00e9e par des bact\u00e9ries, ce qui g\u00e9n\u00e8re une odeur d\u2019ammoniaque fort d\u00e9sagr\u00e9able.<\/p>\n<p>L\u2019ur\u00e9e, la cr\u00e9atinine et les ph\u00e9romones sont hydrosolubles et faciles \u00e0 nettoyer. Les nettoyants m\u00e9nagers et les nettoyants pour moquettes et tapis y parviennent et semblent \u00e9liminer les taches et les odeurs, mais ils n\u2019\u00e9liminent pas la tache.<\/p>\n<p>Les cristaux d\u2019acide urique, non hydrosolubles, restent coll\u00e9s sur les surfaces et se lient aux fibres des tapis\/moquettes. Les cristaux d\u2019acide urique g\u00e9n\u00e8rent une odeur d\u2019urine \u00e2cre tant qu\u2019ils ne sont pas \u00e9limin\u00e9s.<\/p>\n<p>L\u2019humidit\u00e9 de l\u2019air peut r\u00e9activer d\u2019anciennes taches d\u2019acide urique invisibles, les cristaux d\u2019acide urique restant en place jusqu\u2019\u00e0 une d\u00e9cennie.<\/p>\n<p>&nbsp;<\/p>\n<h3>Pourquoi les animaux domestiques marquent les endroits o\u00f9 ils ont d\u00e9j\u00e0 urin\u00e9 auparavant?<\/h3>\n<p>L\u2019odorat des chiens et des chats est tr\u00e8s d\u00e9velopp\u00e9 \u2013 jusqu\u2019\u00e0 500 fois plus que le n\u00f4tre. Ils sentent donc m\u00eame l\u2019acide urique que nous ne percevons plus et tendent \u00e0 marquer \u00e0 nouveau les surfaces correspondantes avec de l\u2019urine fra\u00eeche.<\/p>\n<p>Le probl\u00e8me ne se r\u00e9sout pas tout seul\u2026\u00e0 vous de r\u00e9agir!<\/p>\n<h2><b>Comment agit CSI URINE<\/b>?<\/h2>\n<h3><\/h3>\n<h3>CSI URINE n\u2019est pas un nettoyant ordinaire.<\/h3>\n<p>Il n\u2019essaie pas de simplement essuyer l\u2019urine, car il est tout simplement impossible de l\u2019essuyer.<\/p>\n<p><strong>CSI URINE<\/strong> \u00ab\u00a0dig\u00e8re\u00a0\u00bb litt\u00e9ralement les cristaux d\u2019acide urique. Dot\u00e9 <strong>d\u2019un m\u00e9lange unique d\u2019enzymes et de microorganismes<\/strong>, il d\u00e9compose l\u2019urine en des mol\u00e9cules inoffensives comme l\u2019eau et le dioxyde de carbone qui s\u2019\u00e9vaporent tout simplement. <\/p>\n<p><strong>CSI URINE attaque l\u2019urine au niveau mol\u00e9culaire <\/strong>et laisse ainsi les surfaces comme les sols, moquettes, meubles rembourr\u00e9s et tissus <strong>\u00ab\u00a0scientifiquement\u00a0\u00bb propres.<\/strong>.<\/p>\n<p><strong>La formule CSI URINE<\/strong> est <strong>utilis\u00e9e par les professionnels<\/strong> du nettoyage dans les EHPAD, pour nettoyer les lieux de crimes, dans les h\u00f4pitaux, les toilettes publiques et la restauration.<\/p>\n<p><strong>CSI URINE<\/strong> est inoffensif et s\u00fbr pour l\u2019homme et l\u2019animal.<\/p>\n<p><strong>CSI URINE mise sur une science intelligente<\/strong> au lieu d\u2019int\u00e9grer des produits chimiques agressifs pour \u00e9liminer l\u2019urine des animaux domestiques<\/p>\n<h3>L\u2019utilisation de CSI URINE est-elle sans danger?<\/h3>\n<p><strong>CSI URINE \u00e9limine les taches et les odeurs \u00e0 l\u2019aide d\u2019une science intelligente<\/strong> au lieu d\u2019int\u00e9grer des produits chimiques agressifs. <strong>Nombreux sont ceux qui pensent que les nettoyants plus puissants sont aussi les produits les plus dangereux<\/strong>, et, dans la plupart des cas, c\u2019est la r\u00e9alit\u00e9 (par ex. agents de blanchiment, d\u00e9tartrants, produits de d\u00e9bouchage, et produits antibact\u00e9riens). <\/p>\n<p><strong>CSI URINE agit diff\u00e9remment.<\/strong> <strong>CSI URINE<\/strong> n\u2019est ni corrosif comme les nettoyants contenant de l\u2019acide, ni agressif comme les agents de blanchiment. <strong>CSI URINE ne dissoudra pas votre parquet et ne d\u00e9colorera pas votre moquette.<\/strong> Il ne br\u00fblera pas sur votre peau et ne blessera pas les pattes de votre animal domestique. <\/p>\n<p><strong>CSI URINE, inoffensif pour l\u2019homme et l\u2019animal, attaque seulement les taches d\u2019urine, d\u2019excr\u00e9ments ou de vomissures d\u2019animaux domestiques.<\/strong><\/p>\n<h2><b>Comment utiliser CSI URINE<\/b>?<\/h2>\n<p><strong>CSI URINE<\/strong> n\u2019est pas un nettoyant ordinaire et ne doit pas \u00eatre utilis\u00e9 comme tel.<\/p>\n<p><strong>CSI URINE<\/strong> agit de fa\u00e7on quasi miraculeuse tant que vous suivez les instructions ci-dessous<\/p>\n<h4><\/h4>\n<h4>INSTRUCTIONS G\u00c9N\u00c9RALES:<\/h4>\n<ol>\n<li>V\u00e9rifier la tenue des couleurs sur un endroit peu visible.<\/li>\n<li>Enlever l\u2019exc\u00e8s d\u2019urine, les excr\u00e9ments ou les vomissures avec du papier absorbant.<\/li>\n<li>Impr\u00e9gner les surfaces souill\u00e9es avec CSI URINE jusqu\u2019\u00e0 saturation en d\u00e9bordant sur la tach<\/li>\n<li>Ne pas frotter. Ne pas utiliser avec d\u2019autres nettoyants.<\/li>\n<li>Laisser s\u00e9cher \u00e0 l\u2019air libre.<\/li>\n<li>Apr\u00e8s s\u00e9chage complet, passer l\u2019aspirateur pour \u00e9liminer les r\u00e9sidus.<\/li>\n<\/ol>\n<h4>TAPIS\/TISSUS:<\/h4>\n<ol>\n<li>Ne pas utiliser de shampooing ni de nettoyeur vapeur sur les moquettes\/tapis ou les tissus souill\u00e9s avant d\u2019avoir \u00e9limin\u00e9 les odeurs et les taches avec <strong>CSI URINE.<\/strong><\/li>\n<li>Impr\u00e9gner les zones souill\u00e9es au-del\u00e0 du bord des taches avec <strong>CSI URINE<\/strong>. L\u2019urine p\u00e9n\u00e8tre jusqu\u2019au sol par la sous-couche et s\u2019\u00e9tale de 2 \u00e0 4 fois la taille apparente en surface.<\/li>\n<li>Laisser s\u00e9cher \u00e0 l\u2019air libre. Ceci peut durer jusqu\u2019\u00e0 48 heures selon la temp\u00e9rature et l\u2019humidit\u00e9 de l\u2019air. <strong>CSI URINE<\/strong> agit sur la surface souill\u00e9e humide jusqu\u2019au s\u00e9chage de cette derni\u00e8re.<\/li>\n<li>Aspirer les r\u00e9sidus apr\u00e8s s\u00e9chage complet.<\/li>\n<li>Renouveler l\u2019application si n\u00e9cessaire pour \u00e9liminer les taches et odeurs d\u2019urine anciennes.<\/li>\n<\/ol>\n","protected":false},"excerpt":{"rendered":"<p>Utilisation de CSI URINE CSI URINE n\u2019est pas un nettoyant ordinaire. N\u2019utilisez pas CSI URINE comme un nettoyant ordinaire. Il n\u2019est pas N\u00e9cessaire de Frotter Pourquoi l\u2019odeur d\u2019urine des animaux domestiques est-elle si difficile \u00e0 \u00e9liminer? Les taches d\u2019urine ne sont pas des taches. Les taches d\u2019urine des animaux domestiques ne sont pas des taches <a class=\"moretag\" href=\"https:\/\/csiurine.com\/fr\/how-to-use\/\">Read More &#8230;<\/a><\/p>\n","protected":false},"author":1,"featured_media":0,"parent":0,"menu_order":0,"comment_status":"closed","ping_status":"closed","template":"full-width-page.php","meta":[],"_links":{"self":[{"href":"https:\/\/csiurine.com\/fr\/wp-json\/wp\/v2\/pages\/37"}],"collection":[{"href":"https:\/\/csiurine.com\/fr\/wp-json\/wp\/v2\/pages"}],"about":[{"href":"https:\/\/csiurine.com\/fr\/wp-json\/wp\/v2\/types\/page"}],"author":[{"embeddable":true,"href":"https:\/\/csiurine.com\/fr\/wp-json\/wp\/v2\/users\/1"}],"replies":[{"embeddable":true,"href":"https:\/\/csiurine.com\/fr\/wp-json\/wp\/v2\/comments?post=37"}],"version-history":[{"count":13,"href":"https:\/\/csiurine.com\/fr\/wp-json\/wp\/v2\/pages\/37\/revisions"}],"predecessor-version":[{"id":978,"href":"https:\/\/csiurine.com\/fr\/wp-json\/wp\/v2\/pages\/37\/revisions\/978"}],"wp:attachment":[{"href":"https:\/\/csiurine.com\/fr\/wp-json\/wp\/v2\/media?parent=37"}],"curies":[{"name":"wp","href":"https:\/\/api.w.org\/{rel}","templated":true}]}}