{"id":43,"date":"2016-04-18T10:29:32","date_gmt":"2016-04-18T17:29:32","guid":{"rendered":"http:\/\/csiurine.com\/fr\/?page_id=43"},"modified":"2018-05-22T13:14:38","modified_gmt":"2018-05-22T12:14:38","slug":"products","status":"publish","type":"page","link":"https:\/\/csiurine.com\/fr\/products\/","title":{"rendered":"Products"},"content":{"rendered":"<h2>Nos Produits<\/h2>\n<h4>CSI URINE propose une s\u00e9rie de produits (divers conditionnements et applications) attaquant les taches et les odeurs au niveau mol\u00e9culaire. Pour une maison \u00ab scientifiquement propres \u00bb.<\/h4>\n<p>\t\t\t\t<img decoding=\"async\" loading=\"lazy\" src=\"http:\/\/csiurine.com\/fr\/wp-content\/uploads\/2018\/05\/dog-range-fr.png\" alt=\"Disponible en 150ml, 500ml, 1 Litre.\" itemprop=\"image\" height=\"399\" width=\"359\" title=\"dog-range-fr\"  \/><br \/>\n\t\tDisponible en 150ml, 500ml, 1 Litre.<\/p>\n<h2>Chiens\/Chiots<br \/>\nProduit anti-taches\u00a0et<br \/>\nanti-odeurs<\/h2>\n<p>Le nettoyant sp\u00e9cial <strong>CSI URINE<\/strong>, dot\u00e9 d\u2019enzymes bioactives, attaque les taches d\u2019urine de chiens ou de chiots au niveau mol\u00e9culaire et \u00e9limine ainsi int\u00e9gralement les taches et les odeurs.<br \/>\nSans d\u00e9odorants masquant les odeurs. Produit inoffensif pour les chiens\/chiots.<\/p>\n<p>\t\t\t\t<img decoding=\"async\" loading=\"lazy\" src=\"http:\/\/csiurine.com\/fr\/wp-content\/uploads\/2018\/05\/cat-range-fr.png\" alt=\"Disponible en 150ml, 500ml, 1 Litre\" itemprop=\"image\" height=\"403\" width=\"359\" title=\"cat-range-fr\"  \/><br \/>\n\t\tDisponible en 150ml, 500ml, 1 Litre<\/p>\n<h2>Chat\/Chaton<br \/>\nProduit anti-taches et<br \/>\nanti-odeurs<\/h2>\n<p>Le nettoyant sp\u00e9cial <strong>CSI URINE<\/strong>, dot\u00e9 d\u2019enzymes bioactives, attaque les taches d\u2019urine de chats ou de chatons au niveau mol\u00e9culaire et \u00e9limine ainsi int\u00e9gralement les taches et les odeurs.<br \/>\nSans d\u00e9odorants masquant les odeurs. Produit inoffensif pour les chats.<\/p>\n<p>\t\t\t\t<img decoding=\"async\" loading=\"lazy\" src=\"http:\/\/csiurine.com\/fr\/wp-content\/uploads\/2018\/05\/small-animal-range-fr.png\" alt=\"Disponible en 500ml.\" itemprop=\"image\" height=\"399\" width=\"359\" title=\"small-animal-range-fr\"  \/><br \/>\n\t\tDisponible en 500ml.<\/p>\n<h2>Petit Mammif\u00e8re<br \/>\nNettoyant Cage<\/h2>\n<p>Le nettoyant sp\u00e9cial <strong>CSI URINE<\/strong> pour cages de petits animaux, dot\u00e9 d\u2019enzymes bioactives et de tensioactifs, attaque les salissures tenaces et \u00e9limine ainsi les odeurs fortes provenant des cages de rongeurs, lapins et autres petits mammif\u00e8res.<br \/>\nSans d\u00e9odorants masquant les odeurs. Produit inoffensif pour les petits mammif\u00e8res.<\/p>\n<p>\t\t\t\t<img decoding=\"async\" loading=\"lazy\" src=\"http:\/\/csiurine.com\/fr\/wp-content\/uploads\/2018\/05\/multipet-range-fr.png\" alt=\"Disponible en 500ml, 1 Litre, 5 Litres.\" itemprop=\"image\" height=\"399\" width=\"359\" title=\"multipet-range-fr\"  \/><br \/>\n\t\tDisponible en 500ml, 1 Litre, 5 Litres.<\/p>\n<h2>Multi-Animaux<br \/>\nProduit anti-taches et<br \/>\nanti-odeurs<\/h2>\n<p>Le nettoyant sp\u00e9cial <strong>CSI URINE<\/strong>, dot\u00e9 d\u2019enzymes bioactives, attaque les taches d\u2019urine de diff\u00e9rents animaux domestiques au niveau mol\u00e9culaire et \u00e9limine ainsi int\u00e9gralement les taches et les odeurs. <br \/>Sans d\u00e9odorants masquant les odeurs. Produit inoffensif pour les animaux domestiques.<\/p>\n<p>\t\t\t\t<img decoding=\"async\" loading=\"lazy\" src=\"http:\/\/csiurine.com\/fr\/wp-content\/uploads\/2018\/05\/Penetrator-mockup-FR.png\" alt=\"Disponible en 1 Litre.\" itemprop=\"image\" height=\"399\" width=\"359\" title=\"Penetrator mockup FR\"  \/><br \/>\n\t\tDisponible en 1 Litre.<\/p>\n<h2>Formule Force<br \/>\nLessivage de Tapis<\/h2>\n<p>Le nettoyant en profondeur sp\u00e9cial <strong>CSI URINE Lessivage de Tapis<\/strong>, dot\u00e9 d\u2019enzymes bioactives et de microorganismes g\u00e9n\u00e9rant des enzymes, nettoie en profondeur les tapis gr\u00e2ce \u00e0 son embout sp\u00e9cifique qui permet d\u2019acc\u00e9der au fond de ces derni\u00e8res et au sol pour attaquer et enti\u00e8rement \u00e9liminer les taches et les odeurs en l\u2019espace d\u2019une semaine.<br \/>\nSans d\u00e9odorants masquant les odeurs. Produit inoffensif pour les animaux et l\u2019homme.<\/p>\n<p>\t\t\t\t<img decoding=\"async\" loading=\"lazy\" src=\"http:\/\/csiurine.com\/fr\/wp-content\/uploads\/2018\/05\/litter-range-fr.png\" alt=\"Disponible en 500ml, 1 Litre.\" itemprop=\"image\" height=\"406\" width=\"359\" title=\"litter-range-fr\"  \/><br \/>\n\t\tDisponible en 500ml, 1 Litre.<\/p>\n<h2>Nettoyant<br \/>\nBac \u00e0 Liti\u00e8re<\/h2>\n<p>Le nettoyant sp\u00e9cial <strong>CSI URINE<\/strong>, dot\u00e9 d\u2019enzymes bioactives, \u00e9limine compl\u00e8tement les odeurs du bac \u00e0 liti\u00e8re au niveau mol\u00e9culaire. Il\u00a0\u00e9vite le rejet de la liti\u00e8re par l\u2019animal<br \/>\nSans d\u00e9odorants masquant les odeurs. Produit inoffensif pour les animaux domestiques.<\/p>\n<h2>Le Choix des Professionnels<\/h2>\n<h4>Les formules CSI URINE-sont utilis\u00e9es dans le secteur du nettoyage professionnel depuis plus de 20 ans. <br \/>Le choix des professionnels en ce qui concerne l\u2019\u00e9limination des taches et odeurs d\u2019urine<\/h4>\n<ul>\n<li>chez les v\u00e9t\u00e9rinaires;<\/li>\n<li>dans les h\u00f4pitaux;<\/li>\n<li>dans les EHPAD;<\/li>\n<li>dans les toilettes publiques;<\/li>\n<li>dans les cellules d\u2019arr\u00eat;<\/li>\n<li>sur les lieux de crimes; et<\/li>\n<li>dans la restauration.<\/li>\n<\/ul>\n","protected":false},"excerpt":{"rendered":"<p>Nos Produits CSI URINE propose une s\u00e9rie de produits (divers conditionnements et applications) attaquant les taches et les odeurs au niveau mol\u00e9culaire. Pour une maison \u00ab scientifiquement propres \u00bb. Disponible en 150ml, 500ml, 1 Litre. Chiens\/Chiots Produit anti-taches\u00a0et anti-odeurs Le nettoyant sp\u00e9cial CSI URINE, dot\u00e9 d\u2019enzymes bioactives, attaque les taches d\u2019urine de chiens ou de <a class=\"moretag\" href=\"https:\/\/csiurine.com\/fr\/products\/\">Read More &#8230;<\/a><\/p>\n","protected":false},"author":1,"featured_media":0,"parent":0,"menu_order":0,"comment_status":"closed","ping_status":"closed","template":"full-width-page.php","meta":[],"_links":{"self":[{"href":"https:\/\/csiurine.com\/fr\/wp-json\/wp\/v2\/pages\/43"}],"collection":[{"href":"https:\/\/csiurine.com\/fr\/wp-json\/wp\/v2\/pages"}],"about":[{"href":"https:\/\/csiurine.com\/fr\/wp-json\/wp\/v2\/types\/page"}],"author":[{"embeddable":true,"href":"https:\/\/csiurine.com\/fr\/wp-json\/wp\/v2\/users\/1"}],"replies":[{"embeddable":true,"href":"https:\/\/csiurine.com\/fr\/wp-json\/wp\/v2\/comments?post=43"}],"version-history":[{"count":39,"href":"https:\/\/csiurine.com\/fr\/wp-json\/wp\/v2\/pages\/43\/revisions"}],"predecessor-version":[{"id":1008,"href":"https:\/\/csiurine.com\/fr\/wp-json\/wp\/v2\/pages\/43\/revisions\/1008"}],"wp:attachment":[{"href":"https:\/\/csiurine.com\/fr\/wp-json\/wp\/v2\/media?parent=43"}],"curies":[{"name":"wp","href":"https:\/\/api.w.org\/{rel}","templated":true}]}}